{"id":663,"date":"2024-01-12T12:53:52","date_gmt":"2024-01-12T11:53:52","guid":{"rendered":"https:\/\/demosites.royal-elementor-addons.com\/developer-portfolio-v1\/?page_id=7"},"modified":"2024-11-12T22:12:57","modified_gmt":"2024-11-12T21:12:57","slug":"home-developer-portfolio-v1","status":"publish","type":"page","link":"https:\/\/urdsprop.com\/","title":{"rendered":"Home"},"content":{"rendered":"\t\t<div data-elementor-type=\"wp-page\" data-elementor-id=\"663\" class=\"elementor elementor-663\">\n\t\t\t\t<div class=\"elementor-element elementor-element-9608785 e-flex e-con-boxed wpr-particle-no wpr-jarallax-no wpr-parallax-no wpr-sticky-section-no e-con e-parent\" data-id=\"9608785\" data-element_type=\"container\" data-settings=\"{&quot;background_background&quot;:&quot;classic&quot;}\">\n\t\t\t\t\t<div class=\"e-con-inner\">\n\t\t\t\t<div class=\"elementor-element elementor-element-9e31248 elementor-invisible elementor-widget elementor-widget-heading\" data-id=\"9e31248\" data-element_type=\"widget\" data-settings=\"{&quot;_animation&quot;:&quot;slideInDown&quot;}\" data-widget_type=\"heading.default\">\n\t\t\t\t<div class=\"elementor-widget-container\">\n\t\t\t<h2 class=\"elementor-heading-title elementor-size-default\">\/\/ P\u00e1gina de pruebas de nuestros clientes<\/h2>\t\t<\/div>\n\t\t\t\t<\/div>\n\t\t\t\t<div class=\"elementor-element elementor-element-7d3114e wpr-advanced-text-style-animated wpr-fancy-text-typing wpr-animated-text-infinite-yes elementor-invisible elementor-widget elementor-widget-wpr-advanced-text\" data-id=\"7d3114e\" data-element_type=\"widget\" data-settings=\"{&quot;_animation&quot;:&quot;slideInDown&quot;,&quot;_animation_delay&quot;:200,&quot;anim_loop&quot;:&quot;yes&quot;}\" data-widget_type=\"wpr-advanced-text.default\">\n\t\t\t\t<div class=\"elementor-widget-container\">\n\t\t\t\n\t\t<h3 class=\"wpr-advanced-text\">\n\n\t\t\t\t\t\n\t\t\t\t\t\t\t<span class=\"wpr-advanced-text-preffix\">{\"_Desarrollo para nuestros clienets <br><\/span>\n\t\t\t\n\t\t<span class=\"wpr-anim-text wpr-anim-text-type-typing wpr-anim-text-letters\" data-anim-duration=\"200,2000\" data-anim-loop=\"yes\">\n\t\t\t<span class=\"wpr-anim-text-inner\">\n\t\t\t\t\t\t\t\t\t<b>UDS &quot;}<\/b>\n\t\t\t\t\t\t\t<\/span>\n\t\t\t<span class=\"wpr-anim-text-cursor\">|<\/span>\t\t<\/span>\n\n\t\t\t\t\n\t\t<\/h3>\n\t\t\n\t\t\t\t<\/div>\n\t\t\t\t<\/div>\n\t\t\t\t\t<\/div>\n\t\t\t\t<\/div>\n\t\t<div class=\"elementor-element elementor-element-1f34d67 e-flex e-con-boxed wpr-particle-no wpr-jarallax-no wpr-parallax-no wpr-sticky-section-no e-con e-parent\" data-id=\"1f34d67\" data-element_type=\"container\">\n\t\t\t\t\t<div class=\"e-con-inner\">\n\t\t<div class=\"elementor-element elementor-element-2db66ad e-flex e-con-boxed wpr-particle-no wpr-jarallax-no wpr-parallax-no wpr-sticky-section-no e-con e-child\" data-id=\"2db66ad\" data-element_type=\"container\">\n\t\t\t\t\t<div class=\"e-con-inner\">\n\t\t\t\t<div class=\"elementor-element elementor-element-17fc500 elementor-invisible elementor-widget elementor-widget-heading\" data-id=\"17fc500\" data-element_type=\"widget\" data-settings=\"{&quot;_animation&quot;:&quot;fadeIn&quot;}\" data-widget_type=\"heading.default\">\n\t\t\t\t<div class=\"elementor-widget-container\">\n\t\t\t<h2 class=\"elementor-heading-title elementor-size-default\"><\/h2>\t\t<\/div>\n\t\t\t\t<\/div>\n\t\t\t\t<div class=\"elementor-element elementor-element-725b4c1 elementor-invisible elementor-widget elementor-widget-text-editor\" data-id=\"725b4c1\" data-element_type=\"widget\" data-settings=\"{&quot;_animation&quot;:&quot;fadeIn&quot;,&quot;_animation_delay&quot;:100}\" data-widget_type=\"text-editor.default\">\n\t\t\t\t<div class=\"elementor-widget-container\">\n\t\t\t\t\t\t\t<p>Bienvenido a nuestra subp\u00e1gina exclusiva para el seguimiento de proyectos. Este espacio ha sido creado con el prop\u00f3sito de ofrecerte una ventana directa al avance de tu proyecto, permiti\u00e9ndote observar cada detalle en su desarrollo. Aqu\u00ed encontrar\u00e1s actualizaciones frecuentes, informes de progreso y documentaci\u00f3n clave que hemos recopilado para mantenerte informado en cada etapa. Queremos que te sientas plenamente involucrado y respaldado en todo momento, por lo que esta subp\u00e1gina est\u00e1 dedicada \u00fanicamente a ti como nuestro cliente. Sabemos lo importante que es para ti estar al tanto de cada avance, por eso hemos hecho que esta \u00e1rea sea simple, intuitiva y de f\u00e1cil acceso. Te invitamos a explorar y a ponerte en contacto con nosotros para cualquier pregunta o detalle adicional sobre tu proyecto.<\/p>\t\t\t\t\t\t<\/div>\n\t\t\t\t<\/div>\n\t\t\t\t\t<\/div>\n\t\t\t\t<\/div>\n\t\t\t\t\t<\/div>\n\t\t\t\t<\/div>\n\t\t<div class=\"elementor-element elementor-element-69c2802 e-flex e-con-boxed wpr-particle-no wpr-jarallax-no wpr-parallax-no wpr-sticky-section-no e-con e-parent\" data-id=\"69c2802\" data-element_type=\"container\">\n\t\t\t\t\t<div class=\"e-con-inner\">\n\t\t<div class=\"elementor-element elementor-element-7e68b5c e-flex e-con-boxed wpr-particle-no wpr-jarallax-no wpr-parallax-no wpr-sticky-section-no e-con e-child\" data-id=\"7e68b5c\" data-element_type=\"container\">\n\t\t\t\t\t<div class=\"e-con-inner\">\n\t\t\t\t<div class=\"elementor-element elementor-element-a8eb2b7 elementor-widget elementor-widget-heading\" data-id=\"a8eb2b7\" data-element_type=\"widget\" data-widget_type=\"heading.default\">\n\t\t\t\t<div class=\"elementor-widget-container\">\n\t\t\t<h2 class=\"elementor-heading-title elementor-size-default\"><\/h2>\t\t<\/div>\n\t\t\t\t<\/div>\n\t\t\t\t<div class=\"elementor-element elementor-element-4aec993 elementor-widget elementor-widget-heading\" data-id=\"4aec993\" data-element_type=\"widget\" data-widget_type=\"heading.default\">\n\t\t\t\t<div class=\"elementor-widget-container\">\n\t\t\t<h2 class=\"elementor-heading-title elementor-size-default\">Si te gustar\u00eda visitar nuestra p\u00e1gina y conocernos te invitamos a regresar a nuestro dominio en: <\/h2>\t\t<\/div>\n\t\t\t\t<\/div>\n\t\t\t\t<div class=\"elementor-element elementor-element-ca2f2ed wpr-button-icon-style-inline wpr-button-icon-position-right elementor-widget elementor-widget-wpr-button\" data-id=\"ca2f2ed\" data-element_type=\"widget\" data-widget_type=\"wpr-button.default\">\n\t\t\t\t<div class=\"elementor-widget-container\">\n\t\t\t\t\n\t\t\t\n\t\t\n\t\t<div class=\"wpr-button-wrap elementor-clearfix\">\n\t\t<a class=\"wpr-button wpr-button-effect wpr-button-none\" data-text=\"Go\" href=\"https:\/\/www.urds.mx\">\n\t\t\t\n\t\t\t<span class=\"wpr-button-content\">\n\t\t\t\t\t\t\t\t\t<span class=\"wpr-button-text\">UDS<\/span>\n\t\t\t\t\t\t\t\t\n\t\t\t\t\t\t\t<\/span>\n\t\t<\/a>\n\n\t\t\t\t<\/div>\n\t\n\t\n\t\t\t<\/div>\n\t\t\t\t<\/div>\n\t\t\t\t\t<\/div>\n\t\t\t\t<\/div>\n\t\t\t\t\t<\/div>\n\t\t\t\t<\/div>\n\t\t\t\t<\/div>\n\t\t","protected":false},"excerpt":{"rendered":"<p>\/\/ P\u00e1gina de pruebas de nuestros clientes {&#8220;_Desarrollo para nuestros clienets UDS &quot;} | Bienvenido a nuestra subp\u00e1gina exclusiva para el seguimiento de proyectos. Este espacio ha sido creado con el prop\u00f3sito de ofrecerte una ventana directa al avance de tu proyecto, permiti\u00e9ndote observar cada detalle en su desarrollo. Aqu\u00ed encontrar\u00e1s actualizaciones frecuentes, informes de progreso y documentaci\u00f3n clave que hemos recopilado para mantenerte informado en cada etapa. Queremos que te sientas plenamente involucrado y respaldado en todo momento, por lo que esta subp\u00e1gina est\u00e1 dedicada \u00fanicamente a ti como nuestro cliente. Sabemos lo importante que es para ti estar al tanto de cada avance, por eso hemos hecho que esta \u00e1rea sea simple, intuitiva y de f\u00e1cil acceso. Te invitamos a explorar y a ponerte en contacto con nosotros para cualquier pregunta o detalle adicional sobre tu proyecto. Si te gustar\u00eda visitar nuestra p\u00e1gina y conocernos te invitamos a regresar a nuestro dominio en: UDS<\/p>\n","protected":false},"author":2,"featured_media":0,"parent":0,"menu_order":0,"comment_status":"closed","ping_status":"closed","template":"elementor_canvas","meta":{"footnotes":""},"_links":{"self":[{"href":"https:\/\/urdsprop.com\/index.php\/wp-json\/wp\/v2\/pages\/663"}],"collection":[{"href":"https:\/\/urdsprop.com\/index.php\/wp-json\/wp\/v2\/pages"}],"about":[{"href":"https:\/\/urdsprop.com\/index.php\/wp-json\/wp\/v2\/types\/page"}],"author":[{"embeddable":true,"href":"https:\/\/urdsprop.com\/index.php\/wp-json\/wp\/v2\/users\/2"}],"replies":[{"embeddable":true,"href":"https:\/\/urdsprop.com\/index.php\/wp-json\/wp\/v2\/comments?post=663"}],"version-history":[{"count":39,"href":"https:\/\/urdsprop.com\/index.php\/wp-json\/wp\/v2\/pages\/663\/revisions"}],"predecessor-version":[{"id":801,"href":"https:\/\/urdsprop.com\/index.php\/wp-json\/wp\/v2\/pages\/663\/revisions\/801"}],"wp:attachment":[{"href":"https:\/\/urdsprop.com\/index.php\/wp-json\/wp\/v2\/media?parent=663"}],"curies":[{"name":"wp","href":"https:\/\/api.w.org\/{rel}","templated":true}]}}